{"id":956,"date":"2025-10-24T17:03:42","date_gmt":"2025-10-24T17:03:42","guid":{"rendered":"https:\/\/boutiqueagile.com\/?page_id=956"},"modified":"2025-10-25T03:09:28","modified_gmt":"2025-10-25T03:09:28","slug":"mode-decontractee","status":"publish","type":"page","link":"https:\/\/boutiqueagile.com\/?page_id=956","title":{"rendered":"Mode D\u00e9contract\u00e9e"},"content":{"rendered":"\n<div class=\"wp-block-group alignfull has-tertiary-background-color has-background\" style=\"margin-top:0;margin-bottom:0;padding-top:var(--wp--preset--spacing--60);padding-right:var(--wp--preset--spacing--30);padding-bottom:var(--wp--preset--spacing--60);padding-left:var(--wp--preset--spacing--30)\"><div class=\"wp-block-group__inner-container is-layout-constrained wp-container-core-group-is-layout-392eb801 wp-block-group-is-layout-constrained\">\n<div class=\"wp-block-group alignwide is-vertical is-layout-flex wp-container-core-group-is-layout-8cf370e7 wp-block-group-is-layout-flex\">\n<div class=\"wp-block-group alignwide is-content-justification-left\"><div class=\"wp-block-group__inner-container is-layout-constrained wp-container-core-group-is-layout-eded1d97 wp-block-group-is-layout-constrained\">\n<h2 class=\"wp-block-heading has-large-font-size\">Explorez notre collection mode d\u00e9contract\u00e9e<\/h2>\n\n\n\n<p style=\"margin-top:16px\">Cette section pr\u00e9sente des photos exclusives illustrant le style et l&rsquo;\u00e9l\u00e9gance des v\u00eatements et accessoires pour femmes modernes.<\/p>\n<\/div><\/div>\n<\/div>\n\n\n\n<div class=\"wp-block-columns alignwide is-layout-flex wp-container-core-columns-is-layout-9d6595d7 wp-block-columns-is-layout-flex\">\n<div class=\"wp-block-column is-layout-flow wp-block-column-is-layout-flow\">\n<div class=\"wp-block-cover is-light\" style=\"min-height:100%;aspect-ratio:unset;\"><img loading=\"lazy\" decoding=\"async\" width=\"1024\" height=\"1024\" class=\"wp-block-cover__image-background wp-image-965 size-large\" alt=\"\" src=\"https:\/\/boutiqueagile.com\/wp-content\/uploads\/2025\/10\/image_Pippit_202510202327-1024x1024.png\" data-object-fit=\"cover\" srcset=\"https:\/\/boutiqueagile.com\/wp-content\/uploads\/2025\/10\/image_Pippit_202510202327-1024x1024.png 1024w, https:\/\/boutiqueagile.com\/wp-content\/uploads\/2025\/10\/image_Pippit_202510202327-300x300.png 300w, https:\/\/boutiqueagile.com\/wp-content\/uploads\/2025\/10\/image_Pippit_202510202327-150x150.png 150w, https:\/\/boutiqueagile.com\/wp-content\/uploads\/2025\/10\/image_Pippit_202510202327-768x768.png 768w, https:\/\/boutiqueagile.com\/wp-content\/uploads\/2025\/10\/image_Pippit_202510202327-1536x1536.png 1536w, https:\/\/boutiqueagile.com\/wp-content\/uploads\/2025\/10\/image_Pippit_202510202327-600x600.png 600w, https:\/\/boutiqueagile.com\/wp-content\/uploads\/2025\/10\/image_Pippit_202510202327-100x100.png 100w, https:\/\/boutiqueagile.com\/wp-content\/uploads\/2025\/10\/image_Pippit_202510202327.png 2048w\" sizes=\"auto, (max-width: 1024px) 100vw, 1024px\" \/><span aria-hidden=\"true\" class=\"wp-block-cover__background has-background-dim-0 has-background-dim\" style=\"background-color:#d3c6c5\"><\/span><div class=\"wp-block-cover__inner-container is-layout-flow wp-block-cover-is-layout-flow\">\n<div style=\"height:380px\" aria-hidden=\"true\" class=\"wp-block-spacer\"><\/div>\n<\/div><\/div>\n<\/div>\n\n\n\n<div class=\"wp-block-column is-layout-flow wp-block-column-is-layout-flow\">\n<figure class=\"wp-block-image size-full is-resized ext-aspect-landscape\"><a class=\"https:\/\/www.amazon.fr\/shop\/influencer-a94046a5\" href=\"https:\/\/www.amazon.fr\/shop\/influencer-a94046a5\"><img loading=\"lazy\" decoding=\"async\" width=\"901\" height=\"1243\" src=\"https:\/\/boutiqueagile.com\/wp-content\/uploads\/2025\/10\/poster_Pippit_202508061153.png\" alt=\"\" class=\"wp-image-989\" style=\"aspect-ratio:1.7777777777777777;object-fit:cover;width:529px;height:auto\" srcset=\"https:\/\/boutiqueagile.com\/wp-content\/uploads\/2025\/10\/poster_Pippit_202508061153.png 901w, https:\/\/boutiqueagile.com\/wp-content\/uploads\/2025\/10\/poster_Pippit_202508061153-217x300.png 217w, https:\/\/boutiqueagile.com\/wp-content\/uploads\/2025\/10\/poster_Pippit_202508061153-742x1024.png 742w, https:\/\/boutiqueagile.com\/wp-content\/uploads\/2025\/10\/poster_Pippit_202508061153-768x1060.png 768w, https:\/\/boutiqueagile.com\/wp-content\/uploads\/2025\/10\/poster_Pippit_202508061153-600x828.png 600w\" sizes=\"auto, (max-width: 901px) 100vw, 901px\" \/><\/a><\/figure>\n\n\n\n<figure class=\"wp-block-image size-full is-resized ext-aspect-landscape\"><img decoding=\"async\" src=\"https:\/\/boutiqueagile.com\/wp-content\/uploads\/2025\/10\/pexels-photo-1036623.jpeg\" alt=\"\" class=\"wp-image-968\" style=\"aspect-ratio:1.7777777777777777;object-fit:cover;width:528px;height:auto\"\/><\/figure>\n<\/div>\n<\/div>\n<\/div><\/div>\n\n\n\n<div class=\"wp-block-group alignfull has-background-background-color has-background\" style=\"margin-top:0;margin-bottom:0;padding-top:var(--wp--preset--spacing--60);padding-right:var(--wp--preset--spacing--30);padding-bottom:var(--wp--preset--spacing--60);padding-left:var(--wp--preset--spacing--30)\"><div class=\"wp-block-group__inner-container is-layout-constrained wp-container-core-group-is-layout-512a02c9 wp-block-group-is-layout-constrained\">\n<h2 class=\"wp-block-heading has-text-align-center has-large-font-size\">Explorez la passion qui anime notre s\u00e9lection mode d\u00e9contract\u00e9e.<\/h2>\n\n\n\n<p class=\"has-text-align-center\" style=\"margin-top:16px\">Plongez dans l&rsquo;univers d&rsquo;une influenceuse Amazon qui c\u00e9l\u00e8bre le style moderne \u00e0 travers des pi\u00e8ces d\u00e9contract\u00e9es, alliant confort et \u00e9l\u00e9gance pour la femme contemporaine.<\/p>\n\n\n\n<figure class=\"wp-block-gallery alignwide has-nested-images columns-default is-cropped wp-block-gallery-1 is-layout-flex wp-block-gallery-is-layout-flex\">\n<figure class=\"wp-block-image size-full\"><img loading=\"lazy\" decoding=\"async\" width=\"1024\" height=\"1024\" data-id=\"980\" src=\"https:\/\/boutiqueagile.com\/wp-content\/uploads\/2025\/10\/image_Pippit_202508242055.jpeg\" alt=\"\" class=\"wp-image-980\" style=\"aspect-ratio:3\/4;object-fit:cover\" srcset=\"https:\/\/boutiqueagile.com\/wp-content\/uploads\/2025\/10\/image_Pippit_202508242055.jpeg 1024w, https:\/\/boutiqueagile.com\/wp-content\/uploads\/2025\/10\/image_Pippit_202508242055-300x300.jpeg 300w, https:\/\/boutiqueagile.com\/wp-content\/uploads\/2025\/10\/image_Pippit_202508242055-150x150.jpeg 150w, https:\/\/boutiqueagile.com\/wp-content\/uploads\/2025\/10\/image_Pippit_202508242055-768x768.jpeg 768w, https:\/\/boutiqueagile.com\/wp-content\/uploads\/2025\/10\/image_Pippit_202508242055-600x600.jpeg 600w, https:\/\/boutiqueagile.com\/wp-content\/uploads\/2025\/10\/image_Pippit_202508242055-100x100.jpeg 100w\" sizes=\"auto, (max-width: 1024px) 100vw, 1024px\" \/><\/figure>\n\n\n\n<figure class=\"wp-block-image size-large\"><img loading=\"lazy\" decoding=\"async\" width=\"1024\" height=\"684\" data-id=\"984\" src=\"https:\/\/boutiqueagile.com\/wp-content\/uploads\/2025\/10\/pexels-photo-1036623-2-1024x684.jpeg\" alt=\"\" class=\"wp-image-984\" style=\"aspect-ratio:3\/4;object-fit:cover\" srcset=\"https:\/\/boutiqueagile.com\/wp-content\/uploads\/2025\/10\/pexels-photo-1036623-2-1024x684.jpeg 1024w, https:\/\/boutiqueagile.com\/wp-content\/uploads\/2025\/10\/pexels-photo-1036623-2-300x200.jpeg 300w, https:\/\/boutiqueagile.com\/wp-content\/uploads\/2025\/10\/pexels-photo-1036623-2-768x513.jpeg 768w, https:\/\/boutiqueagile.com\/wp-content\/uploads\/2025\/10\/pexels-photo-1036623-2-1536x1025.jpeg 1536w, https:\/\/boutiqueagile.com\/wp-content\/uploads\/2025\/10\/pexels-photo-1036623-2-600x401.jpeg 600w, https:\/\/boutiqueagile.com\/wp-content\/uploads\/2025\/10\/pexels-photo-1036623-2.jpeg 1880w\" sizes=\"auto, (max-width: 1024px) 100vw, 1024px\" \/><\/figure>\n\n\n\n<figure class=\"wp-block-image\"><img loading=\"lazy\" decoding=\"async\" width=\"960\" height=\"1440\" data-id=\"959\" class=\"wp-image-959\" src=\"https:\/\/boutiqueagile.com\/wp-content\/uploads\/2025\/10\/d315a02b632060689c37ec0ec30d45685630917b.jpg\" alt=\"\" style=\"aspect-ratio:3\/4;object-fit:cover\" srcset=\"https:\/\/boutiqueagile.com\/wp-content\/uploads\/2025\/10\/d315a02b632060689c37ec0ec30d45685630917b.jpg 960w, https:\/\/boutiqueagile.com\/wp-content\/uploads\/2025\/10\/d315a02b632060689c37ec0ec30d45685630917b-200x300.jpg 200w, https:\/\/boutiqueagile.com\/wp-content\/uploads\/2025\/10\/d315a02b632060689c37ec0ec30d45685630917b-683x1024.jpg 683w, https:\/\/boutiqueagile.com\/wp-content\/uploads\/2025\/10\/d315a02b632060689c37ec0ec30d45685630917b-768x1152.jpg 768w, https:\/\/boutiqueagile.com\/wp-content\/uploads\/2025\/10\/d315a02b632060689c37ec0ec30d45685630917b-600x900.jpg 600w\" sizes=\"auto, (max-width: 960px) 100vw, 960px\" \/><\/figure>\n<\/figure>\n<\/div><\/div>\n\n\n\n<div class=\"wp-block-group alignfull has-background-background-color has-background\" style=\"margin-top:0;margin-bottom:0;padding-top:var(--wp--preset--spacing--60);padding-right:var(--wp--preset--spacing--30);padding-bottom:var(--wp--preset--spacing--60);padding-left:var(--wp--preset--spacing--30)\"><div class=\"wp-block-group__inner-container is-layout-constrained wp-container-core-group-is-layout-512a02c9 wp-block-group-is-layout-constrained\">\n<p class=\"has-text-align-center has-large-font-size\" style=\"font-style:normal;font-weight:500;line-height:1.3\">J&rsquo;ai ador\u00e9 la s\u00e9lection unique qui allie confort et style, ainsi qu&rsquo;un service client toujours attentionn\u00e9.<\/p>\n\n\n<div class=\"wp-block-image is-style-rounded\">\n<figure class=\"aligncenter\"><img decoding=\"async\" class=\"wp-image-925\" src=\"https:\/\/boutiqueagile.com\/wp-content\/uploads\/2025\/10\/960323d54ea403b0d928aee2dbc22a993ebe185c.jpg\" alt=\"\" style=\"aspect-ratio:1;object-fit:cover\"\/><\/figure>\n<\/div>\n\n\n<h4 class=\"wp-block-heading has-text-align-center\" style=\"margin-top:18px;font-size:18px\">Claire M.<\/h4>\n\n\n\n<p class=\"has-text-align-center has-small-font-size\" style=\"margin-top:4px\">Influenceuse mode &amp; lifestyle<\/p>\n<\/div><\/div>\n\n\n\n<div class=\"wp-block-group alignfull has-tertiary-background-color has-background\" style=\"margin-top:0;margin-bottom:0;padding-top:var(--wp--preset--spacing--60);padding-right:var(--wp--preset--spacing--30);padding-bottom:var(--wp--preset--spacing--60);padding-left:var(--wp--preset--spacing--30)\"><div class=\"wp-block-group__inner-container is-layout-constrained wp-container-core-group-is-layout-392eb801 wp-block-group-is-layout-constrained\">\n<div class=\"wp-block-columns alignwide has-background-background-color has-background is-layout-flex wp-container-core-columns-is-layout-5f4f44cd wp-block-columns-is-layout-flex\" style=\"padding-top:0;padding-right:0;padding-bottom:0;padding-left:0\">\n<div class=\"wp-block-column is-vertically-aligned-stretch is-layout-flow wp-block-column-is-layout-flow\" style=\"flex-basis:40%\">\n<div class=\"wp-block-cover\" style=\"min-height:100%;aspect-ratio:unset;\"><img loading=\"lazy\" decoding=\"async\" width=\"1440\" height=\"960\" class=\"wp-block-cover__image-background wp-image-963\" alt=\"\" src=\"https:\/\/boutiqueagile.com\/wp-content\/uploads\/2025\/10\/bed5016bdf99fd5cf5fe319771e63b1414e8387e.jpg\" data-object-fit=\"cover\" srcset=\"https:\/\/boutiqueagile.com\/wp-content\/uploads\/2025\/10\/bed5016bdf99fd5cf5fe319771e63b1414e8387e.jpg 1440w, https:\/\/boutiqueagile.com\/wp-content\/uploads\/2025\/10\/bed5016bdf99fd5cf5fe319771e63b1414e8387e-300x200.jpg 300w, https:\/\/boutiqueagile.com\/wp-content\/uploads\/2025\/10\/bed5016bdf99fd5cf5fe319771e63b1414e8387e-1024x683.jpg 1024w, https:\/\/boutiqueagile.com\/wp-content\/uploads\/2025\/10\/bed5016bdf99fd5cf5fe319771e63b1414e8387e-768x512.jpg 768w, https:\/\/boutiqueagile.com\/wp-content\/uploads\/2025\/10\/bed5016bdf99fd5cf5fe319771e63b1414e8387e-600x400.jpg 600w\" sizes=\"auto, (max-width: 1440px) 100vw, 1440px\" \/><span aria-hidden=\"true\" class=\"wp-block-cover__background has-background-dim-0 has-background-dim\"><\/span><div class=\"wp-block-cover__inner-container is-layout-flow wp-block-cover-is-layout-flow\">\n<div style=\"height:240px\" aria-hidden=\"true\" class=\"wp-block-spacer\"><\/div>\n<\/div><\/div>\n<\/div>\n\n\n\n<div class=\"wp-block-column is-vertically-aligned-center is-layout-flow wp-block-column-is-layout-flow\">\n<div class=\"wp-block-group\" style=\"padding-top:var(--wp--preset--spacing--50);padding-right:var(--wp--preset--spacing--50);padding-bottom:var(--wp--preset--spacing--50);padding-left:var(--wp--preset--spacing--50)\"><div class=\"wp-block-group__inner-container is-layout-constrained wp-container-core-group-is-layout-d399502e wp-block-group-is-layout-constrained\">\n<h2 class=\"wp-block-heading has-large-font-size\">D\u00e9couvrez votre style unique.<\/h2>\n\n\n\n<p style=\"margin-top:16px\">Plongez dans notre univers mode d\u00e9contract\u00e9e et r\u00e9v\u00e9lez votre \u00e9l\u00e9gance au quotidien.<\/p>\n\n\n\n<div class=\"wp-block-buttons is-content-justification-left is-layout-flex wp-container-core-buttons-is-layout-07cbe018 wp-block-buttons-is-layout-flex\" style=\"margin-top:var(--wp--preset--spacing--40)\">\n<div class=\"wp-block-button\"><a class=\"wp-block-button__link wp-element-button\" href=\"#\">Voir la collection<\/a><\/div>\n<\/div>\n<\/div><\/div>\n<\/div>\n<\/div>\n<\/div><\/div>\n<div id=\"bouti-2035987099\" class=\"bouti-apres-le-contenu-2 bouti-entity-placement\"><div class=\"bouti-adlabel\">Publicit\u00e9s<\/div><script async src=\"\/\/pagead2.googlesyndication.com\/pagead\/js\/adsbygoogle.js?client=ca-pub-5313239741291787\" crossorigin=\"anonymous\"><\/script><ins class=\"adsbygoogle\" style=\"display:block;\" data-ad-client=\"ca-pub-5313239741291787\" \ndata-ad-slot=\"\" \ndata-ad-format=\"auto\" data-full-width-responsive=\"true\"><\/ins>\n<script> \n(adsbygoogle = window.adsbygoogle || []).push({}); \n<\/script>\n<\/div><div id=\"bouti-766090897\" class=\"bouti-apres-le-contenu bouti-entity-placement\" style=\"clear: both;\"><div class=\"bouti-adlabel\">Publicit\u00e9s<\/div><script async src=\"\/\/pagead2.googlesyndication.com\/pagead\/js\/adsbygoogle.js?client=ca-pub-5313239741291787\" crossorigin=\"anonymous\"><\/script><ins class=\"adsbygoogle\" style=\"display:block;\" data-ad-client=\"ca-pub-5313239741291787\" \ndata-ad-slot=\"5313239741291787\" \ndata-ad-format=\"auto\" data-full-width-responsive=\"true\"><\/ins>\n<script> \n(adsbygoogle = window.adsbygoogle || []).push({}); \n<\/script>\n<\/div><br style=\"clear: both; display: block; float: none;\"\/>","protected":false},"excerpt":{"rendered":"<p>Explorez notre collection mode d\u00e9contract\u00e9e Cette section pr\u00e9sente des photos exclusives illustrant le style et l&rsquo;\u00e9l\u00e9gance des v\u00eatements et accessoires pour femmes modernes. Explorez la passion qui anime notre s\u00e9lection mode d\u00e9contract\u00e9e. Plongez dans l&rsquo;univers d&rsquo;une influenceuse Amazon qui c\u00e9l\u00e8bre le style moderne \u00e0 travers des pi\u00e8ces d\u00e9contract\u00e9es, alliant confort et \u00e9l\u00e9gance pour la femme&#8230;<\/p>\n","protected":false},"author":1,"featured_media":0,"parent":0,"menu_order":0,"comment_status":"closed","ping_status":"closed","template":"","meta":{"_kadence_starter_templates_imported_post":false,"footnotes":""},"class_list":["post-956","page","type-page","status-publish","hentry"],"yoast_head":"<!-- This site is optimized with the Yoast SEO plugin v27.4 - https:\/\/yoast.com\/product\/yoast-seo-wordpress\/ -->\n<title>Mode D\u00e9contract\u00e9e - La mode et accessoires sur Amazon<\/title>\n<meta name=\"robots\" content=\"index, follow, max-snippet:-1, max-image-preview:large, max-video-preview:-1\" \/>\n<link rel=\"canonical\" href=\"https:\/\/boutiqueagile.com\/?page_id=956\" \/>\n<meta property=\"og:locale\" content=\"fr_FR\" \/>\n<meta property=\"og:type\" content=\"article\" \/>\n<meta property=\"og:title\" content=\"Mode D\u00e9contract\u00e9e - La mode et accessoires sur Amazon\" \/>\n<meta property=\"og:description\" content=\"Explorez notre collection mode d\u00e9contract\u00e9e Cette section pr\u00e9sente des photos exclusives illustrant le style et l&rsquo;\u00e9l\u00e9gance des v\u00eatements et accessoires pour femmes modernes. Explorez la passion qui anime notre s\u00e9lection mode d\u00e9contract\u00e9e. Plongez dans l&rsquo;univers d&rsquo;une influenceuse Amazon qui c\u00e9l\u00e8bre le style moderne \u00e0 travers des pi\u00e8ces d\u00e9contract\u00e9es, alliant confort et \u00e9l\u00e9gance pour la femme...\" \/>\n<meta property=\"og:url\" content=\"https:\/\/boutiqueagile.com\/?page_id=956\" \/>\n<meta property=\"og:site_name\" content=\"La mode et accessoires sur Amazon\" \/>\n<meta property=\"article:modified_time\" content=\"2025-10-25T03:09:28+00:00\" \/>\n<meta property=\"og:image\" content=\"https:\/\/boutiqueagile.com\/wp-content\/uploads\/2025\/10\/image_Pippit_202510202327-1024x1024.png\" \/>\n<meta name=\"twitter:card\" content=\"summary_large_image\" \/>\n<meta name=\"twitter:label1\" content=\"Dur\u00e9e de lecture estim\u00e9e\" \/>\n\t<meta name=\"twitter:data1\" content=\"3 minutes\" \/>\n<script type=\"application\/ld+json\" class=\"yoast-schema-graph\">{\"@context\":\"https:\\\/\\\/schema.org\",\"@graph\":[{\"@type\":\"WebPage\",\"@id\":\"https:\\\/\\\/boutiqueagile.com\\\/?page_id=956\",\"url\":\"https:\\\/\\\/boutiqueagile.com\\\/?page_id=956\",\"name\":\"Mode D\u00e9contract\u00e9e - La mode et accessoires sur Amazon\",\"isPartOf\":{\"@id\":\"https:\\\/\\\/boutiqueagile.com\\\/#website\"},\"primaryImageOfPage\":{\"@id\":\"https:\\\/\\\/boutiqueagile.com\\\/?page_id=956#primaryimage\"},\"image\":{\"@id\":\"https:\\\/\\\/boutiqueagile.com\\\/?page_id=956#primaryimage\"},\"thumbnailUrl\":\"https:\\\/\\\/boutiqueagile.com\\\/wp-content\\\/uploads\\\/2025\\\/10\\\/image_Pippit_202510202327-1024x1024.png\",\"datePublished\":\"2025-10-24T17:03:42+00:00\",\"dateModified\":\"2025-10-25T03:09:28+00:00\",\"breadcrumb\":{\"@id\":\"https:\\\/\\\/boutiqueagile.com\\\/?page_id=956#breadcrumb\"},\"inLanguage\":\"fr-FR\",\"potentialAction\":[{\"@type\":\"ReadAction\",\"target\":[\"https:\\\/\\\/boutiqueagile.com\\\/?page_id=956\"]}]},{\"@type\":\"ImageObject\",\"inLanguage\":\"fr-FR\",\"@id\":\"https:\\\/\\\/boutiqueagile.com\\\/?page_id=956#primaryimage\",\"url\":\"https:\\\/\\\/boutiqueagile.com\\\/wp-content\\\/uploads\\\/2025\\\/10\\\/image_Pippit_202510202327.png\",\"contentUrl\":\"https:\\\/\\\/boutiqueagile.com\\\/wp-content\\\/uploads\\\/2025\\\/10\\\/image_Pippit_202510202327.png\",\"width\":2048,\"height\":2048},{\"@type\":\"BreadcrumbList\",\"@id\":\"https:\\\/\\\/boutiqueagile.com\\\/?page_id=956#breadcrumb\",\"itemListElement\":[{\"@type\":\"ListItem\",\"position\":1,\"name\":\"Accueil\",\"item\":\"https:\\\/\\\/boutiqueagile.com\\\/\"},{\"@type\":\"ListItem\",\"position\":2,\"name\":\"Mode D\u00e9contract\u00e9e\"}]},{\"@type\":\"WebSite\",\"@id\":\"https:\\\/\\\/boutiqueagile.com\\\/#website\",\"url\":\"https:\\\/\\\/boutiqueagile.com\\\/\",\"name\":\"boutiqueagile.com\",\"description\":\"un autre site pour la mode\",\"publisher\":{\"@id\":\"https:\\\/\\\/boutiqueagile.com\\\/#\\\/schema\\\/person\\\/6ed76949bf5845f043d6f775c5197fb7\"},\"potentialAction\":[{\"@type\":\"SearchAction\",\"target\":{\"@type\":\"EntryPoint\",\"urlTemplate\":\"https:\\\/\\\/boutiqueagile.com\\\/?s={search_term_string}\"},\"query-input\":{\"@type\":\"PropertyValueSpecification\",\"valueRequired\":true,\"valueName\":\"search_term_string\"}}],\"inLanguage\":\"fr-FR\"},{\"@type\":[\"Person\",\"Organization\"],\"@id\":\"https:\\\/\\\/boutiqueagile.com\\\/#\\\/schema\\\/person\\\/6ed76949bf5845f043d6f775c5197fb7\",\"name\":\"Jami\",\"image\":{\"@type\":\"ImageObject\",\"inLanguage\":\"fr-FR\",\"@id\":\"https:\\\/\\\/i0.wp.com\\\/boutiqueagile.com\\\/wp-content\\\/uploads\\\/2025\\\/06\\\/cropped-LA-MODE-2024-AMAZON.jpg?fit=2000%2C606&ssl=1\",\"url\":\"https:\\\/\\\/i0.wp.com\\\/boutiqueagile.com\\\/wp-content\\\/uploads\\\/2025\\\/06\\\/cropped-LA-MODE-2024-AMAZON.jpg?fit=2000%2C606&ssl=1\",\"contentUrl\":\"https:\\\/\\\/i0.wp.com\\\/boutiqueagile.com\\\/wp-content\\\/uploads\\\/2025\\\/06\\\/cropped-LA-MODE-2024-AMAZON.jpg?fit=2000%2C606&ssl=1\",\"width\":2000,\"height\":606,\"caption\":\"Jami\"},\"logo\":{\"@id\":\"https:\\\/\\\/i0.wp.com\\\/boutiqueagile.com\\\/wp-content\\\/uploads\\\/2025\\\/06\\\/cropped-LA-MODE-2024-AMAZON.jpg?fit=2000%2C606&ssl=1\"},\"sameAs\":[\"https:\\\/\\\/boutiqueagile.com\"]}]}<\/script>\n<!-- \/ Yoast SEO plugin. -->","yoast_head_json":{"title":"Mode D\u00e9contract\u00e9e - La mode et accessoires sur Amazon","robots":{"index":"index","follow":"follow","max-snippet":"max-snippet:-1","max-image-preview":"max-image-preview:large","max-video-preview":"max-video-preview:-1"},"canonical":"https:\/\/boutiqueagile.com\/?page_id=956","og_locale":"fr_FR","og_type":"article","og_title":"Mode D\u00e9contract\u00e9e - La mode et accessoires sur Amazon","og_description":"Explorez notre collection mode d\u00e9contract\u00e9e Cette section pr\u00e9sente des photos exclusives illustrant le style et l&rsquo;\u00e9l\u00e9gance des v\u00eatements et accessoires pour femmes modernes. Explorez la passion qui anime notre s\u00e9lection mode d\u00e9contract\u00e9e. Plongez dans l&rsquo;univers d&rsquo;une influenceuse Amazon qui c\u00e9l\u00e8bre le style moderne \u00e0 travers des pi\u00e8ces d\u00e9contract\u00e9es, alliant confort et \u00e9l\u00e9gance pour la femme...","og_url":"https:\/\/boutiqueagile.com\/?page_id=956","og_site_name":"La mode et accessoires sur Amazon","article_modified_time":"2025-10-25T03:09:28+00:00","og_image":[{"url":"https:\/\/boutiqueagile.com\/wp-content\/uploads\/2025\/10\/image_Pippit_202510202327-1024x1024.png","type":"","width":"","height":""}],"twitter_card":"summary_large_image","twitter_misc":{"Dur\u00e9e de lecture estim\u00e9e":"3 minutes"},"schema":{"@context":"https:\/\/schema.org","@graph":[{"@type":"WebPage","@id":"https:\/\/boutiqueagile.com\/?page_id=956","url":"https:\/\/boutiqueagile.com\/?page_id=956","name":"Mode D\u00e9contract\u00e9e - La mode et accessoires sur Amazon","isPartOf":{"@id":"https:\/\/boutiqueagile.com\/#website"},"primaryImageOfPage":{"@id":"https:\/\/boutiqueagile.com\/?page_id=956#primaryimage"},"image":{"@id":"https:\/\/boutiqueagile.com\/?page_id=956#primaryimage"},"thumbnailUrl":"https:\/\/boutiqueagile.com\/wp-content\/uploads\/2025\/10\/image_Pippit_202510202327-1024x1024.png","datePublished":"2025-10-24T17:03:42+00:00","dateModified":"2025-10-25T03:09:28+00:00","breadcrumb":{"@id":"https:\/\/boutiqueagile.com\/?page_id=956#breadcrumb"},"inLanguage":"fr-FR","potentialAction":[{"@type":"ReadAction","target":["https:\/\/boutiqueagile.com\/?page_id=956"]}]},{"@type":"ImageObject","inLanguage":"fr-FR","@id":"https:\/\/boutiqueagile.com\/?page_id=956#primaryimage","url":"https:\/\/boutiqueagile.com\/wp-content\/uploads\/2025\/10\/image_Pippit_202510202327.png","contentUrl":"https:\/\/boutiqueagile.com\/wp-content\/uploads\/2025\/10\/image_Pippit_202510202327.png","width":2048,"height":2048},{"@type":"BreadcrumbList","@id":"https:\/\/boutiqueagile.com\/?page_id=956#breadcrumb","itemListElement":[{"@type":"ListItem","position":1,"name":"Accueil","item":"https:\/\/boutiqueagile.com\/"},{"@type":"ListItem","position":2,"name":"Mode D\u00e9contract\u00e9e"}]},{"@type":"WebSite","@id":"https:\/\/boutiqueagile.com\/#website","url":"https:\/\/boutiqueagile.com\/","name":"boutiqueagile.com","description":"un autre site pour la mode","publisher":{"@id":"https:\/\/boutiqueagile.com\/#\/schema\/person\/6ed76949bf5845f043d6f775c5197fb7"},"potentialAction":[{"@type":"SearchAction","target":{"@type":"EntryPoint","urlTemplate":"https:\/\/boutiqueagile.com\/?s={search_term_string}"},"query-input":{"@type":"PropertyValueSpecification","valueRequired":true,"valueName":"search_term_string"}}],"inLanguage":"fr-FR"},{"@type":["Person","Organization"],"@id":"https:\/\/boutiqueagile.com\/#\/schema\/person\/6ed76949bf5845f043d6f775c5197fb7","name":"Jami","image":{"@type":"ImageObject","inLanguage":"fr-FR","@id":"https:\/\/i0.wp.com\/boutiqueagile.com\/wp-content\/uploads\/2025\/06\/cropped-LA-MODE-2024-AMAZON.jpg?fit=2000%2C606&ssl=1","url":"https:\/\/i0.wp.com\/boutiqueagile.com\/wp-content\/uploads\/2025\/06\/cropped-LA-MODE-2024-AMAZON.jpg?fit=2000%2C606&ssl=1","contentUrl":"https:\/\/i0.wp.com\/boutiqueagile.com\/wp-content\/uploads\/2025\/06\/cropped-LA-MODE-2024-AMAZON.jpg?fit=2000%2C606&ssl=1","width":2000,"height":606,"caption":"Jami"},"logo":{"@id":"https:\/\/i0.wp.com\/boutiqueagile.com\/wp-content\/uploads\/2025\/06\/cropped-LA-MODE-2024-AMAZON.jpg?fit=2000%2C606&ssl=1"},"sameAs":["https:\/\/boutiqueagile.com"]}]}},"_links":{"self":[{"href":"https:\/\/boutiqueagile.com\/index.php?rest_route=\/wp\/v2\/pages\/956","targetHints":{"allow":["GET"]}}],"collection":[{"href":"https:\/\/boutiqueagile.com\/index.php?rest_route=\/wp\/v2\/pages"}],"about":[{"href":"https:\/\/boutiqueagile.com\/index.php?rest_route=\/wp\/v2\/types\/page"}],"author":[{"embeddable":true,"href":"https:\/\/boutiqueagile.com\/index.php?rest_route=\/wp\/v2\/users\/1"}],"replies":[{"embeddable":true,"href":"https:\/\/boutiqueagile.com\/index.php?rest_route=%2Fwp%2Fv2%2Fcomments&post=956"}],"version-history":[{"count":11,"href":"https:\/\/boutiqueagile.com\/index.php?rest_route=\/wp\/v2\/pages\/956\/revisions"}],"predecessor-version":[{"id":1001,"href":"https:\/\/boutiqueagile.com\/index.php?rest_route=\/wp\/v2\/pages\/956\/revisions\/1001"}],"wp:attachment":[{"href":"https:\/\/boutiqueagile.com\/index.php?rest_route=%2Fwp%2Fv2%2Fmedia&parent=956"}],"curies":[{"name":"wp","href":"https:\/\/api.w.org\/{rel}","templated":true}]}}