{"id":364,"date":"2025-06-18T16:41:00","date_gmt":"2025-06-18T16:41:00","guid":{"rendered":"https:\/\/boutiqueagile.com\/?page_id=364"},"modified":"2025-08-13T21:40:10","modified_gmt":"2025-08-13T21:40:10","slug":"formation-test","status":"publish","type":"page","link":"https:\/\/boutiqueagile.com\/?page_id=364","title":{"rendered":"A propos"},"content":{"rendered":"\n<div class=\"wp-block-group alignfull is-style-section-1\" style=\"margin-top:0;margin-bottom:0;padding-top:var(--wp--preset--spacing--80);padding-bottom:var(--wp--preset--spacing--80)\"><div class=\"wp-block-group__inner-container is-layout-constrained wp-block-group-is-layout-constrained\">\n<div class=\"wp-block-columns alignwide is-layout-flex wp-container-core-columns-is-layout-5770a4fd wp-block-columns-is-layout-flex\">\n<div class=\"wp-block-column is-layout-flow wp-block-column-is-layout-flow\" style=\"padding-right:var(--wp--preset--spacing--50);flex-basis:45%\">\n<figure class=\"wp-block-image size-full\"><img loading=\"lazy\" decoding=\"async\" width=\"1024\" height=\"768\" src=\"https:\/\/boutiqueagile.com\/wp-content\/uploads\/2025\/06\/commandez-sur-amazon.png\" alt=\"\" class=\"wp-image-321\" srcset=\"https:\/\/boutiqueagile.com\/wp-content\/uploads\/2025\/06\/commandez-sur-amazon.png 1024w, https:\/\/boutiqueagile.com\/wp-content\/uploads\/2025\/06\/commandez-sur-amazon-300x225.png 300w, https:\/\/boutiqueagile.com\/wp-content\/uploads\/2025\/06\/commandez-sur-amazon-768x576.png 768w, https:\/\/boutiqueagile.com\/wp-content\/uploads\/2025\/06\/commandez-sur-amazon-600x450.png 600w\" sizes=\"auto, (max-width: 1024px) 100vw, 1024px\" \/><\/figure>\n\n\n\n<div class=\"wp-block-group\" style=\"margin-top:-12vw\"><div class=\"wp-block-group__inner-container is-layout-constrained wp-block-group-is-layout-constrained\"><\/div><\/div>\n<\/div>\n\n\n\n<div class=\"wp-block-column is-vertically-aligned-center is-layout-flow wp-block-column-is-layout-flow\" style=\"padding-right:0;padding-left:0;flex-basis:50%\">\n<div class=\"wp-block-group is-vertical is-layout-flex wp-container-core-group-is-layout-8cf370e7 wp-block-group-is-layout-flex\">\n<h2 class=\"wp-block-heading is-style-text-annotation\">\u00c0 propos<\/h2>\n<\/div>\n\n\n\n<p class=\"is-style-text-subtitle\">Bienvenue chez <strong>BoutiqueAgile.com<\/strong>, votre destination en ligne pour une mode f\u00e9minine agile, audacieuse et accessible.<br>Notre mission ? Vous proposer des collections <strong>tendances, \u00e9volutives et \u00e9thiques<\/strong>, pens\u00e9es pour suivre le rythme de votre vie.<\/p>\n\n\n\n<p>Chez Boutique Agile, nous croyons que chaque femme m\u00e9rite des v\u00eatements qui s\u2019adaptent \u00e0 <strong>son style, son corps et ses envies<\/strong>, sans compromis entre confort et \u00e9l\u00e9gance.<br>Nous s\u00e9lectionnons avec soin des pi\u00e8ces inspir\u00e9es des derni\u00e8res tendances, tout en favorisant la qualit\u00e9, la durabilit\u00e9 et les mati\u00e8res responsables.<\/p>\n\n\n\n<p class=\"is-style-text-subtitle\">Du look casual chic \u00e0 l\u2019allure affirm\u00e9e du bureau, en passant par les pi\u00e8ces iconiques de saison, chaque collection est pens\u00e9e pour r\u00e9v\u00e9ler votre personnalit\u00e9.<br>Notre \u00e9quipe de passionn\u00e9es d\u00e9niche chaque semaine de nouveaux coups de c\u0153ur \u00e0 petit prix, sans n\u00e9gliger les belles finitions ni le service client.<\/p>\n<\/div>\n<\/div>\n\n\n\n<div class=\"wp-block-group alignfull\" style=\"margin-top:0;margin-bottom:0;padding-top:var(--wp--preset--spacing--50);padding-bottom:var(--wp--preset--spacing--50)\"><div class=\"wp-block-group__inner-container is-layout-constrained wp-block-group-is-layout-constrained\">\n<div class=\"wp-block-group alignwide is-layout-grid wp-container-core-group-is-layout-7700e1c4 wp-block-group-is-layout-grid\">\n<div class=\"wp-block-group is-style-section-3\" style=\"min-height:297px\"><div class=\"wp-block-group__inner-container is-layout-constrained wp-block-group-is-layout-constrained\">\n<div class=\"wp-block-group is-vertical is-content-justification-center is-layout-flex wp-container-core-group-is-layout-8e82d9b7 wp-block-group-is-layout-flex\" style=\"min-height:100%\">\n<h2 class=\"wp-block-heading has-large-font-size\">ACHETER <\/h2>\n\n\n\n<p class=\"has-text-align-center has-medium-font-size\"><a href=\"https:\/\/amzn.to\/4mdFzNC\">Mode \u00c9t\u00e9 2025 sur Amazon<\/a><\/p>\n<\/div>\n<\/div><\/div>\n\n\n\n<figure class=\"wp-block-image size-full\"><img loading=\"lazy\" decoding=\"async\" width=\"1024\" height=\"768\" src=\"https:\/\/boutiqueagile.com\/wp-content\/uploads\/2025\/06\/mode-femme.png\" alt=\"\" class=\"wp-image-356\" style=\"aspect-ratio:1;object-fit:cover\" srcset=\"https:\/\/boutiqueagile.com\/wp-content\/uploads\/2025\/06\/mode-femme.png 1024w, https:\/\/boutiqueagile.com\/wp-content\/uploads\/2025\/06\/mode-femme-300x225.png 300w, https:\/\/boutiqueagile.com\/wp-content\/uploads\/2025\/06\/mode-femme-768x576.png 768w, https:\/\/boutiqueagile.com\/wp-content\/uploads\/2025\/06\/mode-femme-600x450.png 600w\" sizes=\"auto, (max-width: 1024px) 100vw, 1024px\" \/><\/figure>\n\n\n\n<figure class=\"wp-block-image size-full\"><img loading=\"lazy\" decoding=\"async\" width=\"1024\" height=\"768\" src=\"https:\/\/boutiqueagile.com\/wp-content\/uploads\/2025\/06\/trench-femme.png\" alt=\"\" class=\"wp-image-357\" style=\"aspect-ratio:1;object-fit:cover\" srcset=\"https:\/\/boutiqueagile.com\/wp-content\/uploads\/2025\/06\/trench-femme.png 1024w, https:\/\/boutiqueagile.com\/wp-content\/uploads\/2025\/06\/trench-femme-300x225.png 300w, https:\/\/boutiqueagile.com\/wp-content\/uploads\/2025\/06\/trench-femme-768x576.png 768w, https:\/\/boutiqueagile.com\/wp-content\/uploads\/2025\/06\/trench-femme-600x450.png 600w\" sizes=\"auto, (max-width: 1024px) 100vw, 1024px\" \/><\/figure>\n\n\n\n<figure class=\"wp-block-image size-full\"><img loading=\"lazy\" decoding=\"async\" width=\"1333\" height=\"952\" src=\"https:\/\/boutiqueagile.com\/wp-content\/uploads\/2025\/06\/La-mode-sur-Amazon-3.png\" alt=\"\" class=\"wp-image-545\" style=\"aspect-ratio:1;object-fit:cover\" srcset=\"https:\/\/boutiqueagile.com\/wp-content\/uploads\/2025\/06\/La-mode-sur-Amazon-3.png 1333w, https:\/\/boutiqueagile.com\/wp-content\/uploads\/2025\/06\/La-mode-sur-Amazon-3-300x214.png 300w, https:\/\/boutiqueagile.com\/wp-content\/uploads\/2025\/06\/La-mode-sur-Amazon-3-1024x731.png 1024w, https:\/\/boutiqueagile.com\/wp-content\/uploads\/2025\/06\/La-mode-sur-Amazon-3-768x548.png 768w, https:\/\/boutiqueagile.com\/wp-content\/uploads\/2025\/06\/La-mode-sur-Amazon-3-600x429.png 600w\" sizes=\"auto, (max-width: 1333px) 100vw, 1333px\" \/><\/figure>\n\n\n\n<figure class=\"wp-block-image size-full\"><img loading=\"lazy\" decoding=\"async\" width=\"777\" height=\"1144\" src=\"https:\/\/boutiqueagile.com\/wp-content\/uploads\/2025\/06\/image-pro-3-1.png\" alt=\"\" class=\"wp-image-390\" style=\"aspect-ratio:1;object-fit:cover\" srcset=\"https:\/\/boutiqueagile.com\/wp-content\/uploads\/2025\/06\/image-pro-3-1.png 777w, https:\/\/boutiqueagile.com\/wp-content\/uploads\/2025\/06\/image-pro-3-1-204x300.png 204w, https:\/\/boutiqueagile.com\/wp-content\/uploads\/2025\/06\/image-pro-3-1-695x1024.png 695w, https:\/\/boutiqueagile.com\/wp-content\/uploads\/2025\/06\/image-pro-3-1-768x1131.png 768w, https:\/\/boutiqueagile.com\/wp-content\/uploads\/2025\/06\/image-pro-3-1-600x883.png 600w\" sizes=\"auto, (max-width: 777px) 100vw, 777px\" \/><\/figure>\n\n\n\n<figure class=\"wp-block-image size-full wp-container-content-79286276\"><img loading=\"lazy\" decoding=\"async\" width=\"800\" height=\"1067\" src=\"https:\/\/boutiqueagile.com\/wp-content\/uploads\/2025\/06\/la-mode-au-femmes.webp\" alt=\"\" class=\"wp-image-391\" style=\"aspect-ratio:1;object-fit:cover\" srcset=\"https:\/\/boutiqueagile.com\/wp-content\/uploads\/2025\/06\/la-mode-au-femmes.webp 800w, https:\/\/boutiqueagile.com\/wp-content\/uploads\/2025\/06\/la-mode-au-femmes-225x300.webp 225w, https:\/\/boutiqueagile.com\/wp-content\/uploads\/2025\/06\/la-mode-au-femmes-768x1024.webp 768w, https:\/\/boutiqueagile.com\/wp-content\/uploads\/2025\/06\/la-mode-au-femmes-600x800.webp 600w\" sizes=\"auto, (max-width: 800px) 100vw, 800px\" \/><\/figure>\n\n\n\n<figure class=\"wp-block-image size-full\"><img decoding=\"async\" src=\"https:\/\/boutiqueagile.com\/wp-content\/uploads\/2025\/06\/Post-Instagram-Professionel-Elegant-Minimaliste-FEMMES-1.png\" alt=\"\" class=\"wp-image-393\" style=\"aspect-ratio:1;object-fit:cover\"\/><\/figure>\n\n\n\n<figure class=\"wp-block-image size-full\"><img loading=\"lazy\" decoding=\"async\" width=\"1080\" height=\"1350\" src=\"https:\/\/boutiqueagile.com\/wp-content\/uploads\/2025\/06\/Post-Instagram-Professionel-Elegant-Minimaliste-sac-et-vet-2.png\" alt=\"\" class=\"wp-image-394\" style=\"aspect-ratio:1;object-fit:cover\" srcset=\"https:\/\/boutiqueagile.com\/wp-content\/uploads\/2025\/06\/Post-Instagram-Professionel-Elegant-Minimaliste-sac-et-vet-2.png 1080w, https:\/\/boutiqueagile.com\/wp-content\/uploads\/2025\/06\/Post-Instagram-Professionel-Elegant-Minimaliste-sac-et-vet-2-240x300.png 240w, https:\/\/boutiqueagile.com\/wp-content\/uploads\/2025\/06\/Post-Instagram-Professionel-Elegant-Minimaliste-sac-et-vet-2-819x1024.png 819w, https:\/\/boutiqueagile.com\/wp-content\/uploads\/2025\/06\/Post-Instagram-Professionel-Elegant-Minimaliste-sac-et-vet-2-768x960.png 768w, https:\/\/boutiqueagile.com\/wp-content\/uploads\/2025\/06\/Post-Instagram-Professionel-Elegant-Minimaliste-sac-et-vet-2-600x750.png 600w\" sizes=\"auto, (max-width: 1080px) 100vw, 1080px\" \/><\/figure>\n<\/div>\n<\/div><\/div>\n\n\n\n<div class=\"wp-block-group alignfull\"><div class=\"wp-block-group__inner-container is-layout-constrained wp-block-group-is-layout-constrained\"><\/div><\/div>\n<\/div><\/div>\n<div id=\"bouti-2554847353\" class=\"bouti-apres-le-contenu-2 bouti-entity-placement\"><div class=\"bouti-adlabel\">Publicit\u00e9s<\/div><script async src=\"\/\/pagead2.googlesyndication.com\/pagead\/js\/adsbygoogle.js?client=ca-pub-5313239741291787\" crossorigin=\"anonymous\"><\/script><ins class=\"adsbygoogle\" style=\"display:block;\" data-ad-client=\"ca-pub-5313239741291787\" \ndata-ad-slot=\"\" \ndata-ad-format=\"auto\" data-full-width-responsive=\"true\"><\/ins>\n<script> \n(adsbygoogle = window.adsbygoogle || []).push({}); \n<\/script>\n<\/div><div id=\"bouti-527641399\" class=\"bouti-apres-le-contenu bouti-entity-placement\" style=\"clear: both;\"><div class=\"bouti-adlabel\">Publicit\u00e9s<\/div><script async src=\"\/\/pagead2.googlesyndication.com\/pagead\/js\/adsbygoogle.js?client=ca-pub-5313239741291787\" crossorigin=\"anonymous\"><\/script><ins class=\"adsbygoogle\" style=\"display:block;\" data-ad-client=\"ca-pub-5313239741291787\" \ndata-ad-slot=\"5313239741291787\" \ndata-ad-format=\"auto\" data-full-width-responsive=\"true\"><\/ins>\n<script> \n(adsbygoogle = window.adsbygoogle || []).push({}); \n<\/script>\n<\/div><br style=\"clear: both; display: block; float: none;\"\/>","protected":false},"excerpt":{"rendered":"<p>\u00c0 propos Bienvenue chez BoutiqueAgile.com, votre destination en ligne pour une mode f\u00e9minine agile, audacieuse et accessible.Notre mission ? Vous proposer des collections tendances, \u00e9volutives et \u00e9thiques, pens\u00e9es pour suivre le rythme de votre vie. Chez Boutique Agile, nous croyons que chaque femme m\u00e9rite des v\u00eatements qui s\u2019adaptent \u00e0 son style, son corps et ses&#8230;<\/p>\n","protected":false},"author":1,"featured_media":0,"parent":0,"menu_order":0,"comment_status":"closed","ping_status":"closed","template":"","meta":{"_kadence_starter_templates_imported_post":false,"footnotes":""},"class_list":["post-364","page","type-page","status-publish","hentry"],"yoast_head":"<!-- This site is optimized with the Yoast SEO plugin v27.4 - https:\/\/yoast.com\/product\/yoast-seo-wordpress\/ -->\n<title>A propos - La mode et accessoires sur Amazon<\/title>\n<meta name=\"robots\" content=\"index, follow, max-snippet:-1, max-image-preview:large, max-video-preview:-1\" \/>\n<link rel=\"canonical\" href=\"https:\/\/boutiqueagile.com\/?page_id=364\" \/>\n<meta property=\"og:locale\" content=\"fr_FR\" \/>\n<meta property=\"og:type\" content=\"article\" \/>\n<meta property=\"og:title\" content=\"A propos - La mode et accessoires sur Amazon\" \/>\n<meta property=\"og:description\" content=\"\u00c0 propos Bienvenue chez BoutiqueAgile.com, votre destination en ligne pour une mode f\u00e9minine agile, audacieuse et accessible.Notre mission ? Vous proposer des collections tendances, \u00e9volutives et \u00e9thiques, pens\u00e9es pour suivre le rythme de votre vie. Chez Boutique Agile, nous croyons que chaque femme m\u00e9rite des v\u00eatements qui s\u2019adaptent \u00e0 son style, son corps et ses...\" \/>\n<meta property=\"og:url\" content=\"https:\/\/boutiqueagile.com\/?page_id=364\" \/>\n<meta property=\"og:site_name\" content=\"La mode et accessoires sur Amazon\" \/>\n<meta property=\"article:modified_time\" content=\"2025-08-13T21:40:10+00:00\" \/>\n<meta property=\"og:image\" content=\"https:\/\/boutiqueagile.com\/wp-content\/uploads\/2025\/06\/commandez-sur-amazon.png\" \/>\n<meta name=\"twitter:card\" content=\"summary_large_image\" \/>\n<meta name=\"twitter:label1\" content=\"Dur\u00e9e de lecture estim\u00e9e\" \/>\n\t<meta name=\"twitter:data1\" content=\"3 minutes\" \/>\n<script type=\"application\/ld+json\" class=\"yoast-schema-graph\">{\"@context\":\"https:\\\/\\\/schema.org\",\"@graph\":[{\"@type\":\"WebPage\",\"@id\":\"https:\\\/\\\/boutiqueagile.com\\\/?page_id=364\",\"url\":\"https:\\\/\\\/boutiqueagile.com\\\/?page_id=364\",\"name\":\"A propos - La mode et accessoires sur Amazon\",\"isPartOf\":{\"@id\":\"https:\\\/\\\/boutiqueagile.com\\\/#website\"},\"primaryImageOfPage\":{\"@id\":\"https:\\\/\\\/boutiqueagile.com\\\/?page_id=364#primaryimage\"},\"image\":{\"@id\":\"https:\\\/\\\/boutiqueagile.com\\\/?page_id=364#primaryimage\"},\"thumbnailUrl\":\"https:\\\/\\\/boutiqueagile.com\\\/wp-content\\\/uploads\\\/2025\\\/06\\\/commandez-sur-amazon.png\",\"datePublished\":\"2025-06-18T16:41:00+00:00\",\"dateModified\":\"2025-08-13T21:40:10+00:00\",\"breadcrumb\":{\"@id\":\"https:\\\/\\\/boutiqueagile.com\\\/?page_id=364#breadcrumb\"},\"inLanguage\":\"fr-FR\",\"potentialAction\":[{\"@type\":\"ReadAction\",\"target\":[\"https:\\\/\\\/boutiqueagile.com\\\/?page_id=364\"]}]},{\"@type\":\"ImageObject\",\"inLanguage\":\"fr-FR\",\"@id\":\"https:\\\/\\\/boutiqueagile.com\\\/?page_id=364#primaryimage\",\"url\":\"https:\\\/\\\/boutiqueagile.com\\\/wp-content\\\/uploads\\\/2025\\\/06\\\/commandez-sur-amazon.png\",\"contentUrl\":\"https:\\\/\\\/boutiqueagile.com\\\/wp-content\\\/uploads\\\/2025\\\/06\\\/commandez-sur-amazon.png\",\"width\":1024,\"height\":768},{\"@type\":\"BreadcrumbList\",\"@id\":\"https:\\\/\\\/boutiqueagile.com\\\/?page_id=364#breadcrumb\",\"itemListElement\":[{\"@type\":\"ListItem\",\"position\":1,\"name\":\"Accueil\",\"item\":\"https:\\\/\\\/boutiqueagile.com\\\/\"},{\"@type\":\"ListItem\",\"position\":2,\"name\":\"A propos\"}]},{\"@type\":\"WebSite\",\"@id\":\"https:\\\/\\\/boutiqueagile.com\\\/#website\",\"url\":\"https:\\\/\\\/boutiqueagile.com\\\/\",\"name\":\"boutiqueagile.com\",\"description\":\"un autre site pour la mode\",\"publisher\":{\"@id\":\"https:\\\/\\\/boutiqueagile.com\\\/#\\\/schema\\\/person\\\/6ed76949bf5845f043d6f775c5197fb7\"},\"potentialAction\":[{\"@type\":\"SearchAction\",\"target\":{\"@type\":\"EntryPoint\",\"urlTemplate\":\"https:\\\/\\\/boutiqueagile.com\\\/?s={search_term_string}\"},\"query-input\":{\"@type\":\"PropertyValueSpecification\",\"valueRequired\":true,\"valueName\":\"search_term_string\"}}],\"inLanguage\":\"fr-FR\"},{\"@type\":[\"Person\",\"Organization\"],\"@id\":\"https:\\\/\\\/boutiqueagile.com\\\/#\\\/schema\\\/person\\\/6ed76949bf5845f043d6f775c5197fb7\",\"name\":\"Jami\",\"image\":{\"@type\":\"ImageObject\",\"inLanguage\":\"fr-FR\",\"@id\":\"https:\\\/\\\/i0.wp.com\\\/boutiqueagile.com\\\/wp-content\\\/uploads\\\/2025\\\/06\\\/cropped-LA-MODE-2024-AMAZON.jpg?fit=2000%2C606&ssl=1\",\"url\":\"https:\\\/\\\/i0.wp.com\\\/boutiqueagile.com\\\/wp-content\\\/uploads\\\/2025\\\/06\\\/cropped-LA-MODE-2024-AMAZON.jpg?fit=2000%2C606&ssl=1\",\"contentUrl\":\"https:\\\/\\\/i0.wp.com\\\/boutiqueagile.com\\\/wp-content\\\/uploads\\\/2025\\\/06\\\/cropped-LA-MODE-2024-AMAZON.jpg?fit=2000%2C606&ssl=1\",\"width\":2000,\"height\":606,\"caption\":\"Jami\"},\"logo\":{\"@id\":\"https:\\\/\\\/i0.wp.com\\\/boutiqueagile.com\\\/wp-content\\\/uploads\\\/2025\\\/06\\\/cropped-LA-MODE-2024-AMAZON.jpg?fit=2000%2C606&ssl=1\"},\"sameAs\":[\"https:\\\/\\\/boutiqueagile.com\"]}]}<\/script>\n<!-- \/ Yoast SEO plugin. -->","yoast_head_json":{"title":"A propos - La mode et accessoires sur Amazon","robots":{"index":"index","follow":"follow","max-snippet":"max-snippet:-1","max-image-preview":"max-image-preview:large","max-video-preview":"max-video-preview:-1"},"canonical":"https:\/\/boutiqueagile.com\/?page_id=364","og_locale":"fr_FR","og_type":"article","og_title":"A propos - La mode et accessoires sur Amazon","og_description":"\u00c0 propos Bienvenue chez BoutiqueAgile.com, votre destination en ligne pour une mode f\u00e9minine agile, audacieuse et accessible.Notre mission ? Vous proposer des collections tendances, \u00e9volutives et \u00e9thiques, pens\u00e9es pour suivre le rythme de votre vie. Chez Boutique Agile, nous croyons que chaque femme m\u00e9rite des v\u00eatements qui s\u2019adaptent \u00e0 son style, son corps et ses...","og_url":"https:\/\/boutiqueagile.com\/?page_id=364","og_site_name":"La mode et accessoires sur Amazon","article_modified_time":"2025-08-13T21:40:10+00:00","og_image":[{"url":"https:\/\/boutiqueagile.com\/wp-content\/uploads\/2025\/06\/commandez-sur-amazon.png","type":"","width":"","height":""}],"twitter_card":"summary_large_image","twitter_misc":{"Dur\u00e9e de lecture estim\u00e9e":"3 minutes"},"schema":{"@context":"https:\/\/schema.org","@graph":[{"@type":"WebPage","@id":"https:\/\/boutiqueagile.com\/?page_id=364","url":"https:\/\/boutiqueagile.com\/?page_id=364","name":"A propos - La mode et accessoires sur Amazon","isPartOf":{"@id":"https:\/\/boutiqueagile.com\/#website"},"primaryImageOfPage":{"@id":"https:\/\/boutiqueagile.com\/?page_id=364#primaryimage"},"image":{"@id":"https:\/\/boutiqueagile.com\/?page_id=364#primaryimage"},"thumbnailUrl":"https:\/\/boutiqueagile.com\/wp-content\/uploads\/2025\/06\/commandez-sur-amazon.png","datePublished":"2025-06-18T16:41:00+00:00","dateModified":"2025-08-13T21:40:10+00:00","breadcrumb":{"@id":"https:\/\/boutiqueagile.com\/?page_id=364#breadcrumb"},"inLanguage":"fr-FR","potentialAction":[{"@type":"ReadAction","target":["https:\/\/boutiqueagile.com\/?page_id=364"]}]},{"@type":"ImageObject","inLanguage":"fr-FR","@id":"https:\/\/boutiqueagile.com\/?page_id=364#primaryimage","url":"https:\/\/boutiqueagile.com\/wp-content\/uploads\/2025\/06\/commandez-sur-amazon.png","contentUrl":"https:\/\/boutiqueagile.com\/wp-content\/uploads\/2025\/06\/commandez-sur-amazon.png","width":1024,"height":768},{"@type":"BreadcrumbList","@id":"https:\/\/boutiqueagile.com\/?page_id=364#breadcrumb","itemListElement":[{"@type":"ListItem","position":1,"name":"Accueil","item":"https:\/\/boutiqueagile.com\/"},{"@type":"ListItem","position":2,"name":"A propos"}]},{"@type":"WebSite","@id":"https:\/\/boutiqueagile.com\/#website","url":"https:\/\/boutiqueagile.com\/","name":"boutiqueagile.com","description":"un autre site pour la mode","publisher":{"@id":"https:\/\/boutiqueagile.com\/#\/schema\/person\/6ed76949bf5845f043d6f775c5197fb7"},"potentialAction":[{"@type":"SearchAction","target":{"@type":"EntryPoint","urlTemplate":"https:\/\/boutiqueagile.com\/?s={search_term_string}"},"query-input":{"@type":"PropertyValueSpecification","valueRequired":true,"valueName":"search_term_string"}}],"inLanguage":"fr-FR"},{"@type":["Person","Organization"],"@id":"https:\/\/boutiqueagile.com\/#\/schema\/person\/6ed76949bf5845f043d6f775c5197fb7","name":"Jami","image":{"@type":"ImageObject","inLanguage":"fr-FR","@id":"https:\/\/i0.wp.com\/boutiqueagile.com\/wp-content\/uploads\/2025\/06\/cropped-LA-MODE-2024-AMAZON.jpg?fit=2000%2C606&ssl=1","url":"https:\/\/i0.wp.com\/boutiqueagile.com\/wp-content\/uploads\/2025\/06\/cropped-LA-MODE-2024-AMAZON.jpg?fit=2000%2C606&ssl=1","contentUrl":"https:\/\/i0.wp.com\/boutiqueagile.com\/wp-content\/uploads\/2025\/06\/cropped-LA-MODE-2024-AMAZON.jpg?fit=2000%2C606&ssl=1","width":2000,"height":606,"caption":"Jami"},"logo":{"@id":"https:\/\/i0.wp.com\/boutiqueagile.com\/wp-content\/uploads\/2025\/06\/cropped-LA-MODE-2024-AMAZON.jpg?fit=2000%2C606&ssl=1"},"sameAs":["https:\/\/boutiqueagile.com"]}]}},"_links":{"self":[{"href":"https:\/\/boutiqueagile.com\/index.php?rest_route=\/wp\/v2\/pages\/364","targetHints":{"allow":["GET"]}}],"collection":[{"href":"https:\/\/boutiqueagile.com\/index.php?rest_route=\/wp\/v2\/pages"}],"about":[{"href":"https:\/\/boutiqueagile.com\/index.php?rest_route=\/wp\/v2\/types\/page"}],"author":[{"embeddable":true,"href":"https:\/\/boutiqueagile.com\/index.php?rest_route=\/wp\/v2\/users\/1"}],"replies":[{"embeddable":true,"href":"https:\/\/boutiqueagile.com\/index.php?rest_route=%2Fwp%2Fv2%2Fcomments&post=364"}],"version-history":[{"count":28,"href":"https:\/\/boutiqueagile.com\/index.php?rest_route=\/wp\/v2\/pages\/364\/revisions"}],"predecessor-version":[{"id":693,"href":"https:\/\/boutiqueagile.com\/index.php?rest_route=\/wp\/v2\/pages\/364\/revisions\/693"}],"wp:attachment":[{"href":"https:\/\/boutiqueagile.com\/index.php?rest_route=%2Fwp%2Fv2%2Fmedia&parent=364"}],"curies":[{"name":"wp","href":"https:\/\/api.w.org\/{rel}","templated":true}]}}